{"id":367,"date":"2024-12-11T11:51:23","date_gmt":"2024-12-11T11:51:23","guid":{"rendered":"https:\/\/snpwpteste.pt\/wp_3\/?page_id=367"},"modified":"2025-10-28T14:28:45","modified_gmt":"2025-10-28T14:28:45","slug":"quinta-pedagogica","status":"publish","type":"page","link":"https:\/\/snpwpteste.pt\/wp_3\/?page_id=367","title":{"rendered":"Quinta Pedag\u00f3gica"},"content":{"rendered":"\t\t<div data-elementor-type=\"wp-page\" data-elementor-id=\"367\" class=\"elementor elementor-367\">\n\t\t\t\t\t\t<section class=\"elementor-section elementor-top-section elementor-element elementor-element-ee17d79 elementor-section-full_width elementor-section-height-min-height elementor-section-height-default elementor-section-items-middle\" data-id=\"ee17d79\" data-element_type=\"section\" data-e-type=\"section\" data-settings=\"{&quot;background_background&quot;:&quot;classic&quot;}\">\n\t\t\t\t\t\t<div class=\"elementor-container elementor-column-gap-default\">\n\t\t\t\t\t<div class=\"elementor-column elementor-col-100 elementor-top-column elementor-element elementor-element-6940eac\" data-id=\"6940eac\" data-element_type=\"column\" data-e-type=\"column\">\n\t\t\t<div class=\"elementor-widget-wrap elementor-element-populated\">\n\t\t\t\t\t\t<div class=\"elementor-element elementor-element-5b78afb elementor-widget elementor-widget-heading\" data-id=\"5b78afb\" data-element_type=\"widget\" data-e-type=\"widget\" data-widget_type=\"heading.default\">\n\t\t\t\t\t<h1 class=\"elementor-heading-title elementor-size-default\">QUINTA PEDAG\u00d3GICA<\/h1>\t\t\t\t<\/div>\n\t\t\t\t\t<\/div>\n\t\t<\/div>\n\t\t\t\t\t<\/div>\n\t\t<\/section>\n\t\t\t\t<section class=\"elementor-section elementor-top-section elementor-element elementor-element-9b8b595 elementor-section-boxed elementor-section-height-default elementor-section-height-default\" data-id=\"9b8b595\" data-element_type=\"section\" data-e-type=\"section\">\n\t\t\t\t\t\t<div class=\"elementor-container elementor-column-gap-default\">\n\t\t\t\t\t<div class=\"elementor-column elementor-col-100 elementor-top-column elementor-element elementor-element-7046b33\" data-id=\"7046b33\" data-element_type=\"column\" data-e-type=\"column\">\n\t\t\t<div class=\"elementor-widget-wrap elementor-element-populated\">\n\t\t\t\t\t\t<div class=\"elementor-element elementor-element-ebb51e1 elementor-widget elementor-widget-spacer\" data-id=\"ebb51e1\" data-element_type=\"widget\" data-e-type=\"widget\" data-widget_type=\"spacer.default\">\n\t\t\t\t\t\t\t<div class=\"elementor-spacer\">\n\t\t\t<div class=\"elementor-spacer-inner\"><\/div>\n\t\t<\/div>\n\t\t\t\t\t\t<\/div>\n\t\t\t\t\t<\/div>\n\t\t<\/div>\n\t\t\t\t\t<\/div>\n\t\t<\/section>\n\t\t\t\t<section class=\"elementor-section elementor-top-section elementor-element elementor-element-5547e40 elementor-section-boxed elementor-section-height-default elementor-section-height-default\" data-id=\"5547e40\" data-element_type=\"section\" data-e-type=\"section\">\n\t\t\t\t\t\t<div class=\"elementor-container elementor-column-gap-default\">\n\t\t\t\t\t<div class=\"elementor-column elementor-col-100 elementor-top-column elementor-element elementor-element-64e5534\" data-id=\"64e5534\" data-element_type=\"column\" data-e-type=\"column\">\n\t\t\t<div class=\"elementor-widget-wrap elementor-element-populated\">\n\t\t\t\t\t\t<div class=\"elementor-element elementor-element-826ae73 elementor-widget elementor-widget-text-editor\" data-id=\"826ae73\" data-element_type=\"widget\" data-e-type=\"widget\" data-widget_type=\"text-editor.default\">\n\t\t\t\t\t\t\t\t\t<p data-start=\"40\" data-end=\"370\">A <strong data-start=\"42\" data-end=\"63\">Quinta Pedag\u00f3gica<\/strong> do Sesimbra Natura Park \u00e9 um espa\u00e7o educativo e interativo que visa proporcionar experi\u00eancias enriquecedoras em contacto direto com a natureza. Com uma \u00e1rea de 2,2 hectares, a quinta integra-se harmoniosamente com o Pomar de Variedades Locais e Regionais, oferecendo um ambiente diversificado e pedag\u00f3gico.<\/p><p data-start=\"372\" data-end=\"401\"><strong data-start=\"372\" data-end=\"401\">Instala\u00e7\u00f5es e Atividades:<\/strong><\/p><ul data-start=\"403\" data-end=\"881\"><li data-start=\"582\" data-end=\"881\"><p data-start=\"584\" data-end=\"881\">Espa\u00e7os Exteriores: Incluem um pomar de citrinos, jardim de aromas, horta pedag\u00f3gica e uma variedade de animais de quinta, como ovelhas, cabras, galinhas e patos. H\u00e1 tamb\u00e9m uma \u00e1rea sombreada com parque infantil, equipada com casa de banho<strong data-start=\"221\" data-end=\"252\">, <\/strong>grelhador e fog\u00e3o a g\u00e1s, proporcionando um ambiente agrad\u00e1vel para visitantes de todas as idades.<\/p><\/li><\/ul><p data-start=\"883\" data-end=\"900\"><strong data-start=\"883\" data-end=\"900\">P\u00fablico-Alvo:<\/strong><\/p><p data-start=\"902\" data-end=\"1206\">A Quinta Pedag\u00f3gica \u00e9 especialmente adequada para escolas, festas de anivers\u00e1rio ou momentos de conv\u00edvio, oferecendo programas adaptados \u00e0s necessidades de cada grupo.\u00a0<\/p>\t\t\t\t\t\t\t\t<\/div>\n\t\t\t\t\t<\/div>\n\t\t<\/div>\n\t\t\t\t\t<\/div>\n\t\t<\/section>\n\t\t\t\t<section class=\"elementor-section elementor-top-section elementor-element elementor-element-84446fc elementor-section-boxed elementor-section-height-default elementor-section-height-default\" data-id=\"84446fc\" data-element_type=\"section\" data-e-type=\"section\">\n\t\t\t\t\t\t<div class=\"elementor-container elementor-column-gap-default\">\n\t\t\t\t\t<div class=\"elementor-column elementor-col-100 elementor-top-column elementor-element elementor-element-5ca9bff\" data-id=\"5ca9bff\" data-element_type=\"column\" data-e-type=\"column\">\n\t\t\t<div class=\"elementor-widget-wrap elementor-element-populated\">\n\t\t\t\t\t\t<div class=\"elementor-element elementor-element-dcd7edb elementor-widget elementor-widget-heading\" data-id=\"dcd7edb\" data-element_type=\"widget\" data-e-type=\"widget\" data-widget_type=\"heading.default\">\n\t\t\t\t\t<h2 class=\"elementor-heading-title elementor-size-default\">A QUINTA<\/h2>\t\t\t\t<\/div>\n\t\t\t\t<div class=\"elementor-element elementor-element-4ee5531 elementor-widget elementor-widget-spacer\" data-id=\"4ee5531\" data-element_type=\"widget\" data-e-type=\"widget\" data-widget_type=\"spacer.default\">\n\t\t\t\t\t\t\t<div class=\"elementor-spacer\">\n\t\t\t<div class=\"elementor-spacer-inner\"><\/div>\n\t\t<\/div>\n\t\t\t\t\t\t<\/div>\n\t\t\t\t\t<\/div>\n\t\t<\/div>\n\t\t\t\t\t<\/div>\n\t\t<\/section>\n\t\t\t\t<section class=\"elementor-section elementor-top-section elementor-element elementor-element-3f3add5 elementor-section-full_width elementor-section-height-default elementor-section-height-default\" data-id=\"3f3add5\" data-element_type=\"section\" data-e-type=\"section\">\n\t\t\t\t\t\t<div class=\"elementor-container elementor-column-gap-default\">\n\t\t\t\t\t<div class=\"elementor-column elementor-col-100 elementor-top-column elementor-element elementor-element-d201a03\" data-id=\"d201a03\" data-element_type=\"column\" data-e-type=\"column\">\n\t\t\t<div class=\"elementor-widget-wrap elementor-element-populated\">\n\t\t\t\t\t\t<div class=\"elementor-element elementor-element-faa0e4f elementor-widget elementor-widget-media-carousel\" data-id=\"faa0e4f\" data-element_type=\"widget\" data-e-type=\"widget\" data-widget_type=\"media-carousel.default\">\n\t\t\t\t<div class=\"elementor-widget-container\">\n\t\t\t\t\t \t\t\t\t<\/div>\n\t\t\t\t<\/div>\n\t\t\t\t<div class=\"elementor-element elementor-element-54b0b50 elementor-widget elementor-widget-spacer\" data-id=\"54b0b50\" data-element_type=\"widget\" data-e-type=\"widget\" data-widget_type=\"spacer.default\">\n\t\t\t\t\t\t\t<div class=\"elementor-spacer\">\n\t\t\t<div class=\"elementor-spacer-inner\"><\/div>\n\t\t<\/div>\n\t\t\t\t\t\t<\/div>\n\t\t\t\t\t<\/div>\n\t\t<\/div>\n\t\t\t\t\t<\/div>\n\t\t<\/section>\n\t\t\t\t<section class=\"elementor-section elementor-top-section elementor-element elementor-element-fc46663 elementor-section-boxed elementor-section-height-default elementor-section-height-default\" data-id=\"fc46663\" data-element_type=\"section\" data-e-type=\"section\">\n\t\t\t\t\t\t<div class=\"elementor-container elementor-column-gap-default\">\n\t\t\t\t\t<div class=\"elementor-column elementor-col-100 elementor-top-column elementor-element elementor-element-3c8d5d5\" data-id=\"3c8d5d5\" data-element_type=\"column\" data-e-type=\"column\">\n\t\t\t<div class=\"elementor-widget-wrap elementor-element-populated\">\n\t\t\t\t\t\t<div class=\"elementor-element elementor-element-1edbe8d elementor-widget elementor-widget-heading\" data-id=\"1edbe8d\" data-element_type=\"widget\" data-e-type=\"widget\" data-widget_type=\"heading.default\">\n\t\t\t\t\t<h2 class=\"elementor-heading-title elementor-size-default\">O ENSOMBRAMENTO<\/h2>\t\t\t\t<\/div>\n\t\t\t\t<div class=\"elementor-element elementor-element-f01b093 elementor-widget elementor-widget-spacer\" data-id=\"f01b093\" data-element_type=\"widget\" data-e-type=\"widget\" data-widget_type=\"spacer.default\">\n\t\t\t\t\t\t\t<div class=\"elementor-spacer\">\n\t\t\t<div class=\"elementor-spacer-inner\"><\/div>\n\t\t<\/div>\n\t\t\t\t\t\t<\/div>\n\t\t\t\t\t<\/div>\n\t\t<\/div>\n\t\t\t\t\t<\/div>\n\t\t<\/section>\n\t\t\t\t<section class=\"elementor-section elementor-top-section elementor-element elementor-element-f525287 elementor-section-full_width elementor-section-height-default elementor-section-height-default\" data-id=\"f525287\" data-element_type=\"section\" data-e-type=\"section\">\n\t\t\t\t\t\t<div class=\"elementor-container elementor-column-gap-default\">\n\t\t\t\t\t<div class=\"elementor-column elementor-col-100 elementor-top-column elementor-element elementor-element-cc2097c\" data-id=\"cc2097c\" data-element_type=\"column\" data-e-type=\"column\">\n\t\t\t<div class=\"elementor-widget-wrap elementor-element-populated\">\n\t\t\t\t\t\t<div class=\"elementor-element elementor-element-290cacf elementor-widget elementor-widget-media-carousel\" data-id=\"290cacf\" data-element_type=\"widget\" data-e-type=\"widget\" data-widget_type=\"media-carousel.default\">\n\t\t\t\t<div class=\"elementor-widget-container\">\n\t\t\t\t\t \t\t\t\t<\/div>\n\t\t\t\t<\/div>\n\t\t\t\t\t<\/div>\n\t\t<\/div>\n\t\t\t\t\t<\/div>\n\t\t<\/section>\n\t\t\t\t<section class=\"elementor-section elementor-top-section elementor-element elementor-element-3236ea8 elementor-section-boxed elementor-section-height-default elementor-section-height-default\" data-id=\"3236ea8\" data-element_type=\"section\" data-e-type=\"section\">\n\t\t\t\t\t\t<div class=\"elementor-container elementor-column-gap-default\">\n\t\t\t\t\t<div class=\"elementor-column elementor-col-100 elementor-top-column elementor-element elementor-element-edea32f\" data-id=\"edea32f\" data-element_type=\"column\" data-e-type=\"column\">\n\t\t\t<div class=\"elementor-widget-wrap elementor-element-populated\">\n\t\t\t\t\t\t<div class=\"elementor-element elementor-element-00924f6 elementor-widget elementor-widget-spacer\" data-id=\"00924f6\" data-element_type=\"widget\" data-e-type=\"widget\" data-widget_type=\"spacer.default\">\n\t\t\t\t\t\t\t<div class=\"elementor-spacer\">\n\t\t\t<div class=\"elementor-spacer-inner\"><\/div>\n\t\t<\/div>\n\t\t\t\t\t\t<\/div>\n\t\t\t\t\t<\/div>\n\t\t<\/div>\n\t\t\t\t\t<\/div>\n\t\t<\/section>\n\t\t\t\t<\/div>\n\t\t","protected":false},"excerpt":{"rendered":"<p>QUINTA PEDAG\u00d3GICA A Quinta Pedag\u00f3gica do Sesimbra Natura Park \u00e9 um espa\u00e7o educativo e interativo que visa proporcionar experi\u00eancias enriquecedoras em contacto direto com a natureza. Com uma \u00e1rea de 2,2 hectares, a quinta integra-se harmoniosamente com o Pomar de Variedades Locais e Regionais, oferecendo um ambiente diversificado e pedag\u00f3gico. Instala\u00e7\u00f5es e Atividades: Espa\u00e7os Exteriores: [&hellip;]<\/p>\n","protected":false},"author":1,"featured_media":0,"parent":0,"menu_order":0,"comment_status":"closed","ping_status":"closed","template":"","meta":{"footnotes":""},"class_list":["post-367","page","type-page","status-publish","hentry"],"_links":{"self":[{"href":"https:\/\/snpwpteste.pt\/wp_3\/index.php?rest_route=\/wp\/v2\/pages\/367","targetHints":{"allow":["GET"]}}],"collection":[{"href":"https:\/\/snpwpteste.pt\/wp_3\/index.php?rest_route=\/wp\/v2\/pages"}],"about":[{"href":"https:\/\/snpwpteste.pt\/wp_3\/index.php?rest_route=\/wp\/v2\/types\/page"}],"author":[{"embeddable":true,"href":"https:\/\/snpwpteste.pt\/wp_3\/index.php?rest_route=\/wp\/v2\/users\/1"}],"replies":[{"embeddable":true,"href":"https:\/\/snpwpteste.pt\/wp_3\/index.php?rest_route=%2Fwp%2Fv2%2Fcomments&post=367"}],"version-history":[{"count":9,"href":"https:\/\/snpwpteste.pt\/wp_3\/index.php?rest_route=\/wp\/v2\/pages\/367\/revisions"}],"predecessor-version":[{"id":6114,"href":"https:\/\/snpwpteste.pt\/wp_3\/index.php?rest_route=\/wp\/v2\/pages\/367\/revisions\/6114"}],"wp:attachment":[{"href":"https:\/\/snpwpteste.pt\/wp_3\/index.php?rest_route=%2Fwp%2Fv2%2Fmedia&parent=367"}],"curies":[{"name":"wp","href":"https:\/\/api.w.org\/{rel}","templated":true}]}}