{"id":347,"date":"2024-12-11T11:41:22","date_gmt":"2024-12-11T11:41:22","guid":{"rendered":"https:\/\/snpwpteste.pt\/wp_3\/?page_id=347"},"modified":"2025-10-22T08:13:25","modified_gmt":"2025-10-22T08:13:25","slug":"casa-do-cacador","status":"publish","type":"page","link":"https:\/\/snpwpteste.pt\/wp_3\/?page_id=347","title":{"rendered":"Casa do Ca\u00e7ador"},"content":{"rendered":"\t\t<div data-elementor-type=\"wp-page\" data-elementor-id=\"347\" class=\"elementor elementor-347\">\n\t\t\t\t\t\t<section class=\"elementor-section elementor-top-section elementor-element elementor-element-2d5674a elementor-section-height-min-height elementor-section-boxed elementor-section-height-default elementor-section-items-middle\" data-id=\"2d5674a\" data-element_type=\"section\" data-e-type=\"section\" data-settings=\"{&quot;background_background&quot;:&quot;classic&quot;}\">\n\t\t\t\t\t\t<div class=\"elementor-container elementor-column-gap-default\">\n\t\t\t\t\t<div class=\"elementor-column elementor-col-100 elementor-top-column elementor-element elementor-element-fa26abb\" data-id=\"fa26abb\" data-element_type=\"column\" data-e-type=\"column\">\n\t\t\t<div class=\"elementor-widget-wrap elementor-element-populated\">\n\t\t\t\t\t\t<div class=\"elementor-element elementor-element-7ab32ce elementor-widget elementor-widget-heading\" data-id=\"7ab32ce\" data-element_type=\"widget\" data-e-type=\"widget\" data-widget_type=\"heading.default\">\n\t\t\t\t\t<h1 class=\"elementor-heading-title elementor-size-default\">CASA DO CA\u00c7ADOR<\/h1>\t\t\t\t<\/div>\n\t\t\t\t\t<\/div>\n\t\t<\/div>\n\t\t\t\t\t<\/div>\n\t\t<\/section>\n\t\t\t\t<section class=\"elementor-section elementor-top-section elementor-element elementor-element-c4b26c1 elementor-section-full_width elementor-section-height-default elementor-section-height-default\" data-id=\"c4b26c1\" data-element_type=\"section\" data-e-type=\"section\">\n\t\t\t\t\t\t<div class=\"elementor-container elementor-column-gap-default\">\n\t\t\t\t\t<div class=\"elementor-column elementor-col-100 elementor-top-column elementor-element elementor-element-420e631\" data-id=\"420e631\" data-element_type=\"column\" data-e-type=\"column\">\n\t\t\t<div class=\"elementor-widget-wrap elementor-element-populated\">\n\t\t\t\t\t\t<div class=\"elementor-element elementor-element-eddfddb elementor-widget elementor-widget-spacer\" data-id=\"eddfddb\" data-element_type=\"widget\" data-e-type=\"widget\" data-widget_type=\"spacer.default\">\n\t\t\t\t\t\t\t<div class=\"elementor-spacer\">\n\t\t\t<div class=\"elementor-spacer-inner\"><\/div>\n\t\t<\/div>\n\t\t\t\t\t\t<\/div>\n\t\t\t\t\t<\/div>\n\t\t<\/div>\n\t\t\t\t\t<\/div>\n\t\t<\/section>\n\t\t\t\t<section class=\"elementor-section elementor-top-section elementor-element elementor-element-98dba8a elementor-section-boxed elementor-section-height-default elementor-section-height-default\" data-id=\"98dba8a\" data-element_type=\"section\" data-e-type=\"section\">\n\t\t\t\t\t\t<div class=\"elementor-container elementor-column-gap-default\">\n\t\t\t\t\t<div class=\"elementor-column elementor-col-100 elementor-top-column elementor-element elementor-element-747550e\" data-id=\"747550e\" data-element_type=\"column\" data-e-type=\"column\">\n\t\t\t<div class=\"elementor-widget-wrap elementor-element-populated\">\n\t\t\t\t\t\t<div class=\"elementor-element elementor-element-bc49406 elementor-widget elementor-widget-text-editor\" data-id=\"bc49406\" data-element_type=\"widget\" data-e-type=\"widget\" data-widget_type=\"text-editor.default\">\n\t\t\t\t\t\t\t\t\t<p>A <strong>Casa do Ca\u00e7ador<\/strong>, localizada no Sesimbra Natura Park, \u00e9 um espa\u00e7o vers\u00e1til ideal para eventos e conv\u00edvios em plena natureza. O est\u00fadio principal possui uma \u00e1rea de 30m\u00b2 e est\u00e1 equipado com uma cozinha b\u00e1sica que inclui frigor\u00edfico, placa de fog\u00e3o, micro-ondas e lava-loi\u00e7as, al\u00e9m de uma casa de banho interior. No exterior, destaca-se um terra\u00e7o coberto com capacidade para 40 pessoas sentadas, churrasqueira, lava-loi\u00e7as e uma casa de banho adicional. H\u00e1 tamb\u00e9m uma esplanada de 50m\u00b2 que pode ser utilizada como pista de dan\u00e7a, e um jardim privativo vedado de 2000m\u00b2, iluminado e apto para receber grupos de at\u00e9 150 pessoas. O espa\u00e7o oferece estacionamento adequado para carros e autocarros.\u00a0<\/p>\t\t\t\t\t\t\t\t<\/div>\n\t\t\t\t\t<\/div>\n\t\t<\/div>\n\t\t\t\t\t<\/div>\n\t\t<\/section>\n\t\t\t\t<section class=\"elementor-section elementor-top-section elementor-element elementor-element-611657b elementor-section-boxed elementor-section-height-default elementor-section-height-default\" data-id=\"611657b\" data-element_type=\"section\" data-e-type=\"section\">\n\t\t\t\t\t\t<div class=\"elementor-container elementor-column-gap-default\">\n\t\t\t\t\t<div class=\"elementor-column elementor-col-100 elementor-top-column elementor-element elementor-element-58cda5e\" data-id=\"58cda5e\" data-element_type=\"column\" data-e-type=\"column\">\n\t\t\t<div class=\"elementor-widget-wrap elementor-element-populated\">\n\t\t\t\t\t\t<div class=\"elementor-element elementor-element-6e1a32f elementor-widget elementor-widget-spacer\" data-id=\"6e1a32f\" data-element_type=\"widget\" data-e-type=\"widget\" data-widget_type=\"spacer.default\">\n\t\t\t\t\t\t\t<div class=\"elementor-spacer\">\n\t\t\t<div class=\"elementor-spacer-inner\"><\/div>\n\t\t<\/div>\n\t\t\t\t\t\t<\/div>\n\t\t\t\t\t<\/div>\n\t\t<\/div>\n\t\t\t\t\t<\/div>\n\t\t<\/section>\n\t\t\t\t<section class=\"elementor-section elementor-top-section elementor-element elementor-element-0da0cae elementor-section-full_width elementor-section-height-default elementor-section-height-default\" data-id=\"0da0cae\" data-element_type=\"section\" data-e-type=\"section\">\n\t\t\t\t\t\t<div class=\"elementor-container elementor-column-gap-default\">\n\t\t\t\t\t<div class=\"elementor-column elementor-col-100 elementor-top-column elementor-element elementor-element-699d6cf\" data-id=\"699d6cf\" data-element_type=\"column\" data-e-type=\"column\">\n\t\t\t<div class=\"elementor-widget-wrap elementor-element-populated\">\n\t\t\t\t\t\t<div class=\"elementor-element elementor-element-5c34e4f elementor-widget elementor-widget-media-carousel\" data-id=\"5c34e4f\" data-element_type=\"widget\" data-e-type=\"widget\" data-widget_type=\"media-carousel.default\">\n\t\t\t\t<div class=\"elementor-widget-container\">\n\t\t\t\t\t \t\t\t\t<\/div>\n\t\t\t\t<\/div>\n\t\t\t\t\t<\/div>\n\t\t<\/div>\n\t\t\t\t\t<\/div>\n\t\t<\/section>\n\t\t\t\t<section class=\"elementor-section elementor-top-section elementor-element elementor-element-5c479b8 elementor-section-boxed elementor-section-height-default elementor-section-height-default\" data-id=\"5c479b8\" data-element_type=\"section\" data-e-type=\"section\">\n\t\t\t\t\t\t<div class=\"elementor-container elementor-column-gap-default\">\n\t\t\t\t\t<div class=\"elementor-column elementor-col-100 elementor-top-column elementor-element elementor-element-18a09cf\" data-id=\"18a09cf\" data-element_type=\"column\" data-e-type=\"column\">\n\t\t\t<div class=\"elementor-widget-wrap elementor-element-populated\">\n\t\t\t\t\t\t<div class=\"elementor-element elementor-element-3aaadfa elementor-align-center elementor-widget elementor-widget-button\" data-id=\"3aaadfa\" data-element_type=\"widget\" data-e-type=\"widget\" data-widget_type=\"button.default\">\n\t\t\t\t\t\t\t\t\t\t<a class=\"elementor-button elementor-button-link elementor-size-sm\" href=\"https:\/\/www.casadamesquita.pt\/alojamento\/casa-do-ca%C3%A7ador\">\n\t\t\t\t\t\t<span class=\"elementor-button-content-wrapper\">\n\t\t\t\t\t\t\t\t\t<span class=\"elementor-button-text\">SAIBA MAIS<\/span>\n\t\t\t\t\t<\/span>\n\t\t\t\t\t<\/a>\n\t\t\t\t\t\t\t\t<\/div>\n\t\t\t\t\t<\/div>\n\t\t<\/div>\n\t\t\t\t\t<\/div>\n\t\t<\/section>\n\t\t<div class=\"elementor-element elementor-element-2585a5a e-flex e-con-boxed e-con e-parent\" data-id=\"2585a5a\" data-element_type=\"container\" data-e-type=\"container\">\n\t\t\t\t\t<div class=\"e-con-inner\">\n\t\t\t\t<div class=\"elementor-element elementor-element-4c1fc6b elementor-widget elementor-widget-spacer\" data-id=\"4c1fc6b\" data-element_type=\"widget\" data-e-type=\"widget\" data-widget_type=\"spacer.default\">\n\t\t\t\t\t\t\t<div class=\"elementor-spacer\">\n\t\t\t<div class=\"elementor-spacer-inner\"><\/div>\n\t\t<\/div>\n\t\t\t\t\t\t<\/div>\n\t\t\t\t\t<\/div>\n\t\t\t\t<\/div>\n\t\t\t\t<\/div>\n\t\t","protected":false},"excerpt":{"rendered":"<p>CASA DO CA\u00c7ADOR A Casa do Ca\u00e7ador, localizada no Sesimbra Natura Park, \u00e9 um espa\u00e7o vers\u00e1til ideal para eventos e conv\u00edvios em plena natureza. O est\u00fadio principal possui uma \u00e1rea de 30m\u00b2 e est\u00e1 equipado com uma cozinha b\u00e1sica que inclui frigor\u00edfico, placa de fog\u00e3o, micro-ondas e lava-loi\u00e7as, al\u00e9m de uma casa de banho interior. [&hellip;]<\/p>\n","protected":false},"author":1,"featured_media":0,"parent":0,"menu_order":0,"comment_status":"closed","ping_status":"closed","template":"","meta":{"footnotes":""},"class_list":["post-347","page","type-page","status-publish","hentry"],"_links":{"self":[{"href":"https:\/\/snpwpteste.pt\/wp_3\/index.php?rest_route=\/wp\/v2\/pages\/347","targetHints":{"allow":["GET"]}}],"collection":[{"href":"https:\/\/snpwpteste.pt\/wp_3\/index.php?rest_route=\/wp\/v2\/pages"}],"about":[{"href":"https:\/\/snpwpteste.pt\/wp_3\/index.php?rest_route=\/wp\/v2\/types\/page"}],"author":[{"embeddable":true,"href":"https:\/\/snpwpteste.pt\/wp_3\/index.php?rest_route=\/wp\/v2\/users\/1"}],"replies":[{"embeddable":true,"href":"https:\/\/snpwpteste.pt\/wp_3\/index.php?rest_route=%2Fwp%2Fv2%2Fcomments&post=347"}],"version-history":[{"count":12,"href":"https:\/\/snpwpteste.pt\/wp_3\/index.php?rest_route=\/wp\/v2\/pages\/347\/revisions"}],"predecessor-version":[{"id":6031,"href":"https:\/\/snpwpteste.pt\/wp_3\/index.php?rest_route=\/wp\/v2\/pages\/347\/revisions\/6031"}],"wp:attachment":[{"href":"https:\/\/snpwpteste.pt\/wp_3\/index.php?rest_route=%2Fwp%2Fv2%2Fmedia&parent=347"}],"curies":[{"name":"wp","href":"https:\/\/api.w.org\/{rel}","templated":true}]}}