{"id":3130,"date":"2025-02-12T09:14:57","date_gmt":"2025-02-12T09:14:57","guid":{"rendered":"https:\/\/snpwpteste.pt\/wp_3\/?page_id=3130"},"modified":"2025-02-12T09:47:00","modified_gmt":"2025-02-12T09:47:00","slug":"mediacao-de-comflitos","status":"publish","type":"page","link":"https:\/\/snpwpteste.pt\/wp_3\/?page_id=3130","title":{"rendered":"MEDIA\u00c7\u00c3O DE COMFLITOS"},"content":{"rendered":"\t\t<div data-elementor-type=\"wp-page\" data-elementor-id=\"3130\" class=\"elementor elementor-3130\">\n\t\t\t\t\t\t<section class=\"elementor-section elementor-top-section elementor-element elementor-element-2c0e7e2 elementor-section-boxed elementor-section-height-default elementor-section-height-default\" data-id=\"2c0e7e2\" data-element_type=\"section\" data-e-type=\"section\">\n\t\t\t\t\t\t<div class=\"elementor-container elementor-column-gap-default\">\n\t\t\t\t\t<div class=\"elementor-column elementor-col-100 elementor-top-column elementor-element elementor-element-437e45a\" data-id=\"437e45a\" data-element_type=\"column\" data-e-type=\"column\">\n\t\t\t<div class=\"elementor-widget-wrap elementor-element-populated\">\n\t\t\t\t\t\t<div class=\"elementor-element elementor-element-503b03f elementor-widget elementor-widget-text-editor\" data-id=\"503b03f\" data-element_type=\"widget\" data-e-type=\"widget\" data-widget_type=\"text-editor.default\">\n\t\t\t\t\t\t\t\t\t<p>Em caso de lit\u00edgio o consumidor pode recorrer a uma Entidade de Resolu\u00e7\u00e3o Alternativa de Lit\u00edgios de consumo:<br \/><br \/>\u200bCentro de Arbitragem de Conflitos de Consumo de Lisboa<br \/>Rua dos Douradores, n\u00ba 116 &#8211; 2\u00ba<br \/>1100 &#8211; 207 Lisboa<br \/>(tel: 218 80 70 30)<br \/><br \/>\u200bMais informa\u00e7\u00f5es em Portal do Consumidor :<br \/><a href=\"http:\/\/www.consumidor.pt\/\"><span style=\"color: #b0b573;\">http:\/\/www.consumidor.pt<\/span><\/a>\u00a0ou\u00a0<a href=\"http:\/\/www.centroarbitragemlisboa.pt\/\"><span style=\"color: #b0b573;\">http:\/\/www.centroarbitragemlisboa.pt\/<\/span><\/a><\/p>\t\t\t\t\t\t\t\t<\/div>\n\t\t\t\t\t<\/div>\n\t\t<\/div>\n\t\t\t\t\t<\/div>\n\t\t<\/section>\n\t\t\t\t<\/div>\n\t\t","protected":false},"excerpt":{"rendered":"<p>Em caso de lit\u00edgio o consumidor pode recorrer a uma Entidade de Resolu\u00e7\u00e3o Alternativa de Lit\u00edgios de consumo: \u200bCentro de Arbitragem de Conflitos de Consumo de LisboaRua dos Douradores, n\u00ba 116 &#8211; 2\u00ba1100 &#8211; 207 Lisboa(tel: 218 80 70 30) \u200bMais informa\u00e7\u00f5es em Portal do Consumidor :http:\/\/www.consumidor.pt\u00a0ou\u00a0http:\/\/www.centroarbitragemlisboa.pt\/<\/p>\n","protected":false},"author":3,"featured_media":0,"parent":0,"menu_order":0,"comment_status":"closed","ping_status":"closed","template":"","meta":{"footnotes":""},"class_list":["post-3130","page","type-page","status-publish","hentry"],"_links":{"self":[{"href":"https:\/\/snpwpteste.pt\/wp_3\/index.php?rest_route=\/wp\/v2\/pages\/3130","targetHints":{"allow":["GET"]}}],"collection":[{"href":"https:\/\/snpwpteste.pt\/wp_3\/index.php?rest_route=\/wp\/v2\/pages"}],"about":[{"href":"https:\/\/snpwpteste.pt\/wp_3\/index.php?rest_route=\/wp\/v2\/types\/page"}],"author":[{"embeddable":true,"href":"https:\/\/snpwpteste.pt\/wp_3\/index.php?rest_route=\/wp\/v2\/users\/3"}],"replies":[{"embeddable":true,"href":"https:\/\/snpwpteste.pt\/wp_3\/index.php?rest_route=%2Fwp%2Fv2%2Fcomments&post=3130"}],"version-history":[{"count":0,"href":"https:\/\/snpwpteste.pt\/wp_3\/index.php?rest_route=\/wp\/v2\/pages\/3130\/revisions"}],"wp:attachment":[{"href":"https:\/\/snpwpteste.pt\/wp_3\/index.php?rest_route=%2Fwp%2Fv2%2Fmedia&parent=3130"}],"curies":[{"name":"wp","href":"https:\/\/api.w.org\/{rel}","templated":true}]}}