{"id":292,"date":"2024-12-11T11:04:24","date_gmt":"2024-12-11T11:04:24","guid":{"rendered":"https:\/\/snpwpteste.pt\/wp_3\/?page_id=292"},"modified":"2025-03-24T15:33:18","modified_gmt":"2025-03-24T15:33:18","slug":"seguros","status":"publish","type":"page","link":"https:\/\/snpwpteste.pt\/wp_3\/?page_id=292","title":{"rendered":"Seguros"},"content":{"rendered":"\t\t<div data-elementor-type=\"wp-page\" data-elementor-id=\"292\" class=\"elementor elementor-292\">\n\t\t\t\t\t\t<section class=\"elementor-section elementor-top-section elementor-element elementor-element-726b57e elementor-section-boxed elementor-section-height-default elementor-section-height-default\" data-id=\"726b57e\" data-element_type=\"section\" data-e-type=\"section\">\n\t\t\t\t\t\t<div class=\"elementor-container elementor-column-gap-default\">\n\t\t\t\t\t<div class=\"elementor-column elementor-col-100 elementor-top-column elementor-element elementor-element-14b5b4e\" data-id=\"14b5b4e\" data-element_type=\"column\" data-e-type=\"column\">\n\t\t\t<div class=\"elementor-widget-wrap elementor-element-populated\">\n\t\t\t\t\t\t<div class=\"elementor-element elementor-element-d6c072e elementor-widget elementor-widget-heading\" data-id=\"d6c072e\" data-element_type=\"widget\" data-e-type=\"widget\" data-widget_type=\"heading.default\">\n\t\t\t\t\t<h4 class=\"elementor-heading-title elementor-size-default\">RESPONSABILIDADE CIVIL - GERAL<\/h4>\t\t\t\t<\/div>\n\t\t\t\t<div class=\"elementor-element elementor-element-d4bea62 elementor-widget elementor-widget-text-editor\" data-id=\"d4bea62\" data-element_type=\"widget\" data-e-type=\"widget\" data-widget_type=\"text-editor.default\">\n\t\t\t\t\t\t\t\t\t<h2 class=\"wsite-content-title\"><span style=\"font-size: 16px;\">Seguradora <\/span><strong style=\"font-size: 16px;\">VICTORIA<\/strong><\/h2><div class=\"paragraph\"><p>Ap\u00f3lice n\u00ba:\u00a0<strong>11460327<\/strong><br \/>\u200b<br \/>\u00c2mbito Territorial:\u00a0<strong>Portugal<\/strong><br \/><strong>CONDI\u00c7\u00d5ES PARTICULARES<\/strong><\/p><p>Responsabilidade Civil Atividade: Empresa de Anima\u00e7\u00e3o Tur\u00edstica (Seguro Obrigat\u00f3rio)<br \/>Limite de indemniza\u00e7\u00e3o por sinistro e anuidade 55.000,00\u20ac<\/p><p><strong>Atividades:<\/strong><\/p><ul><li>Arborismo e Outros Percursos de Obst\u00e1culos (com recurso a manobras de cordas e cabos de a\u00e7o como rapel,\u00a0<em>slide<\/em>, pontes e similares);<\/li><li>Atividades de Observa\u00e7\u00e3o de Natureza (Rotas geol\u00f3gicas, observa\u00e7\u00e3o de aves, observa\u00e7\u00e3o de cet\u00e1ceos e similares);<\/li><li>Atividades de Orienta\u00e7\u00e3o (Percursos,\u00a0<em>geocaching<\/em>, ca\u00e7as ao tesouro e similares);<\/li><li>Atividades de\u00a0<em>Teambuilding<\/em>\u00a0(quando incluem atividades de turismo de ar livre);<\/li><li>Caminhadas e Outras Atividades Pedestres;<\/li><li>Escalada em Parede Natural e em Parede Artificial;<\/li><li>Paintball, Tiro com Arco, Besta, Zarabatana, Carabina de Press\u00e3o de Ar e Similares;<\/li><li>Passeios e Atividades em Bicicleta (btt e ciloturismo), em Segway e Similares.<\/li><\/ul><\/div>\t\t\t\t\t\t\t\t<\/div>\n\t\t\t\t\t<\/div>\n\t\t<\/div>\n\t\t\t\t\t<\/div>\n\t\t<\/section>\n\t\t\t\t<section class=\"elementor-section elementor-top-section elementor-element elementor-element-497675f elementor-section-boxed elementor-section-height-default elementor-section-height-default\" data-id=\"497675f\" data-element_type=\"section\" data-e-type=\"section\">\n\t\t\t\t\t\t<div class=\"elementor-container elementor-column-gap-default\">\n\t\t\t\t\t<div class=\"elementor-column elementor-col-100 elementor-top-column elementor-element elementor-element-8f2562d\" data-id=\"8f2562d\" data-element_type=\"column\" data-e-type=\"column\">\n\t\t\t<div class=\"elementor-widget-wrap elementor-element-populated\">\n\t\t\t\t\t\t<div class=\"elementor-element elementor-element-516e308 elementor-widget-divider--view-line elementor-widget elementor-widget-divider\" data-id=\"516e308\" data-element_type=\"widget\" data-e-type=\"widget\" data-widget_type=\"divider.default\">\n\t\t\t\t\t\t\t<div class=\"elementor-divider\">\n\t\t\t<span class=\"elementor-divider-separator\">\n\t\t\t\t\t\t<\/span>\n\t\t<\/div>\n\t\t\t\t\t\t<\/div>\n\t\t\t\t\t<\/div>\n\t\t<\/div>\n\t\t\t\t\t<\/div>\n\t\t<\/section>\n\t\t\t\t<section class=\"elementor-section elementor-top-section elementor-element elementor-element-bdd2b57 elementor-section-boxed elementor-section-height-default elementor-section-height-default\" data-id=\"bdd2b57\" data-element_type=\"section\" data-e-type=\"section\">\n\t\t\t\t\t\t<div class=\"elementor-container elementor-column-gap-default\">\n\t\t\t\t\t<div class=\"elementor-column elementor-col-100 elementor-top-column elementor-element elementor-element-b999213\" data-id=\"b999213\" data-element_type=\"column\" data-e-type=\"column\">\n\t\t\t<div class=\"elementor-widget-wrap elementor-element-populated\">\n\t\t\t\t\t\t<div class=\"elementor-element elementor-element-7aa9598 elementor-widget elementor-widget-heading\" data-id=\"7aa9598\" data-element_type=\"widget\" data-e-type=\"widget\" data-widget_type=\"heading.default\">\n\t\t\t\t\t<h4 class=\"elementor-heading-title elementor-size-default\">SEGURO DE OPERADOR MAR\u00cdTIMO-TUR\u00cdSTICO<\/h4>\t\t\t\t<\/div>\n\t\t\t\t<div class=\"elementor-element elementor-element-1446772 elementor-widget elementor-widget-text-editor\" data-id=\"1446772\" data-element_type=\"widget\" data-e-type=\"widget\" data-widget_type=\"text-editor.default\">\n\t\t\t\t\t\t\t\t\t<p>Seguradora\u00a0<strong>VICTORIA<\/strong><br \/>Ap\u00f3lice n\u00ba: 11463942<\/p><p><strong>CONDI\u00c7\u00d5ES PARTICULARES<\/strong><\/p><p>Atividade Mar\u00edtimo &#8211; Tur\u00edstica<br \/>Capital de RC Operador Mar\u00edtimo Tur\u00edstico, conforme Decreto-Lei 21\/2002 e Decreto-Lei 269\/2003 &#8211; Art\u00ba.26 &#8211; Anexo III &#8211; 50.000,00\u20ac<\/p><p>O presente contrato destina-se a garantir a cobertura obrigat\u00f3ria de Responsabilidade Civil de acordo com o Dec.Lei n\u00ba.21\/2002 de 31 de Janeiro, alterado pelos Dec. Lei n\u00ba.269\/2003 de 28 de Outubro e Dec.Lei 95\/2013, de 19 de Julho, que introduz altera\u00e7\u00f5es ao Dec.Lei 108\/2009, de 15 de Maio, e de acordo com os limites estabelecidos nas Condi\u00e7\u00f5es Gerais, Especiais e Particulares da ap\u00f3lice.<\/p><p><strong>Atividades e garantias:<\/strong><\/p><ul><li>Aluguer ou utiliza\u00e7\u00e3o de motas de \u00e1gua e pequenas embarca\u00e7\u00f5es dispensadas de registo (Canoagem e rafting em \u00e1guas calmas e em \u00e1guas bravas);<\/li><li>Aluguer ou utiliza\u00e7\u00e3o de motas de \u00e1gua e de pequenas embarca\u00e7\u00f5es dispensadas de registo (Surf, bodyboard, windsurf, kitesurf, skiming, standup paddle boarding e similares);<\/li><li>Aluguer ou utiliza\u00e7\u00e3o de motas de \u00e1gua e de pequenas embarca\u00e7\u00f5es dispensadas de registo (Vela,remo e atividades n\u00e1uticas similares).<\/li><\/ul>\t\t\t\t\t\t\t\t<\/div>\n\t\t\t\t\t<\/div>\n\t\t<\/div>\n\t\t\t\t\t<\/div>\n\t\t<\/section>\n\t\t\t\t<section class=\"elementor-section elementor-top-section elementor-element elementor-element-8004b1b elementor-section-boxed elementor-section-height-default elementor-section-height-default\" data-id=\"8004b1b\" data-element_type=\"section\" data-e-type=\"section\">\n\t\t\t\t\t\t<div class=\"elementor-container elementor-column-gap-default\">\n\t\t\t\t\t<div class=\"elementor-column elementor-col-100 elementor-top-column elementor-element elementor-element-7ca3236\" data-id=\"7ca3236\" data-element_type=\"column\" data-e-type=\"column\">\n\t\t\t<div class=\"elementor-widget-wrap elementor-element-populated\">\n\t\t\t\t\t\t<div class=\"elementor-element elementor-element-9240106 elementor-widget-divider--view-line elementor-widget elementor-widget-divider\" data-id=\"9240106\" data-element_type=\"widget\" data-e-type=\"widget\" data-widget_type=\"divider.default\">\n\t\t\t\t\t\t\t<div class=\"elementor-divider\">\n\t\t\t<span class=\"elementor-divider-separator\">\n\t\t\t\t\t\t<\/span>\n\t\t<\/div>\n\t\t\t\t\t\t<\/div>\n\t\t\t\t\t<\/div>\n\t\t<\/div>\n\t\t\t\t\t<\/div>\n\t\t<\/section>\n\t\t\t\t<section class=\"elementor-section elementor-top-section elementor-element elementor-element-e3a1f48 elementor-section-boxed elementor-section-height-default elementor-section-height-default\" data-id=\"e3a1f48\" data-element_type=\"section\" data-e-type=\"section\">\n\t\t\t\t\t\t<div class=\"elementor-container elementor-column-gap-default\">\n\t\t\t\t\t<div class=\"elementor-column elementor-col-100 elementor-top-column elementor-element elementor-element-c01fe07\" data-id=\"c01fe07\" data-element_type=\"column\" data-e-type=\"column\">\n\t\t\t<div class=\"elementor-widget-wrap elementor-element-populated\">\n\t\t\t\t\t\t<div class=\"elementor-element elementor-element-751ca8a elementor-widget elementor-widget-heading\" data-id=\"751ca8a\" data-element_type=\"widget\" data-e-type=\"widget\" data-widget_type=\"heading.default\">\n\t\t\t\t\t<h4 class=\"elementor-heading-title elementor-size-default\">SEGURO DE ACIDENTES PESSOAIS<\/h4>\t\t\t\t<\/div>\n\t\t\t\t\t<\/div>\n\t\t<\/div>\n\t\t\t\t\t<\/div>\n\t\t<\/section>\n\t\t\t\t<section class=\"elementor-section elementor-top-section elementor-element elementor-element-1c059e2 elementor-section-boxed elementor-section-height-default elementor-section-height-default\" data-id=\"1c059e2\" data-element_type=\"section\" data-e-type=\"section\">\n\t\t\t\t\t\t<div class=\"elementor-container elementor-column-gap-default\">\n\t\t\t\t\t<div class=\"elementor-column elementor-col-100 elementor-top-column elementor-element elementor-element-63494c1\" data-id=\"63494c1\" data-element_type=\"column\" data-e-type=\"column\">\n\t\t\t<div class=\"elementor-widget-wrap elementor-element-populated\">\n\t\t\t\t\t\t<div class=\"elementor-element elementor-element-f336f2b elementor-widget elementor-widget-text-editor\" data-id=\"f336f2b\" data-element_type=\"widget\" data-e-type=\"widget\" data-widget_type=\"text-editor.default\">\n\t\t\t\t\t\t\t\t\t<p>Seguradora\u00a0<strong>VICTORIA<\/strong><br \/>Ap\u00f3lice n\u00ba: 11462363<\/p><p>\u00a0<\/p><p>Capital: 23.300.00\u20ac<\/p>\t\t\t\t\t\t\t\t<\/div>\n\t\t\t\t\t<\/div>\n\t\t<\/div>\n\t\t\t\t\t<\/div>\n\t\t<\/section>\n\t\t\t\t<\/div>\n\t\t","protected":false},"excerpt":{"rendered":"<p>RESPONSABILIDADE CIVIL &#8211; GERAL Seguradora VICTORIA Ap\u00f3lice n\u00ba:\u00a011460327\u200b\u00c2mbito Territorial:\u00a0PortugalCONDI\u00c7\u00d5ES PARTICULARES Responsabilidade Civil Atividade: Empresa de Anima\u00e7\u00e3o Tur\u00edstica (Seguro Obrigat\u00f3rio)Limite de indemniza\u00e7\u00e3o por sinistro e anuidade 55.000,00\u20ac Atividades: Arborismo e Outros Percursos de Obst\u00e1culos (com recurso a manobras de cordas e cabos de a\u00e7o como rapel,\u00a0slide, pontes e similares); Atividades de Observa\u00e7\u00e3o de Natureza (Rotas geol\u00f3gicas, [&hellip;]<\/p>\n","protected":false},"author":1,"featured_media":0,"parent":0,"menu_order":0,"comment_status":"closed","ping_status":"closed","template":"","meta":{"footnotes":""},"class_list":["post-292","page","type-page","status-publish","hentry"],"_links":{"self":[{"href":"https:\/\/snpwpteste.pt\/wp_3\/index.php?rest_route=\/wp\/v2\/pages\/292","targetHints":{"allow":["GET"]}}],"collection":[{"href":"https:\/\/snpwpteste.pt\/wp_3\/index.php?rest_route=\/wp\/v2\/pages"}],"about":[{"href":"https:\/\/snpwpteste.pt\/wp_3\/index.php?rest_route=\/wp\/v2\/types\/page"}],"author":[{"embeddable":true,"href":"https:\/\/snpwpteste.pt\/wp_3\/index.php?rest_route=\/wp\/v2\/users\/1"}],"replies":[{"embeddable":true,"href":"https:\/\/snpwpteste.pt\/wp_3\/index.php?rest_route=%2Fwp%2Fv2%2Fcomments&post=292"}],"version-history":[{"count":3,"href":"https:\/\/snpwpteste.pt\/wp_3\/index.php?rest_route=\/wp\/v2\/pages\/292\/revisions"}],"predecessor-version":[{"id":4004,"href":"https:\/\/snpwpteste.pt\/wp_3\/index.php?rest_route=\/wp\/v2\/pages\/292\/revisions\/4004"}],"wp:attachment":[{"href":"https:\/\/snpwpteste.pt\/wp_3\/index.php?rest_route=%2Fwp%2Fv2%2Fmedia&parent=292"}],"curies":[{"name":"wp","href":"https:\/\/api.w.org\/{rel}","templated":true}]}}